{"id":121,"date":"2023-01-15T04:59:48","date_gmt":"2023-01-15T04:59:48","guid":{"rendered":"http:\/\/www.tierklinik-plose.it\/de\/?page_id=121"},"modified":"2023-02-15T00:11:01","modified_gmt":"2023-02-15T00:11:01","slug":"team","status":"publish","type":"page","link":"https:\/\/www.tierklinik-plose.it\/de\/team\/","title":{"rendered":"Team"},"content":{"rendered":"\n<div class=\"teammember-list\"><div class=\"thumnailbx\">\r\n\t\t\t\t\t\t\t\t<img width=\"250\" height=\"188\" src=\"https:\/\/www.tierklinik-plose.it\/de\/wp-content\/uploads\/2023\/02\/getImage-4-e1676423625741.jpg\" class=\"attachment-post-thumbnail size-post-thumbnail wp-post-image\" alt=\"\" decoding=\"async\" loading=\"lazy\" \/>\r\n\t\t\t\t\t\t\t\t<div class=\"thumboverlay\"><\/div>\r\n\t\t\t\t\t\t\t<\/div><div class=\"titledesbox\">\r\n\t\t\t\t\t\t\t\t<h3><a href=\"https:\/\/www.tierklinik-plose.it\/de\/our-team\/diego-pacifici\/\" target=\"_blank\">Diego Pacifici<\/a><\/h3>\r\n\t\t\t\t\t\t\t\t<cite>Med. Direktor<\/cite>\r\n\t\t\t\t\t\t\t\t<p>Nach seinem Abschluss 2011 an der Fakult\u00e4t f\u00fcr Veterin\u00e4rmedizin in Perugia arbeitete er bis 2015 in der Tierklinik S. Antonio in Narni, Umbrien,&#8230;<\/p>\n<div class=\"member-social-icon\"><\/div><\/div><\/div><div class=\"teammember-list lastcols\"><div class=\"thumnailbx\">\r\n\t\t\t\t\t\t\t\t<img width=\"250\" height=\"188\" src=\"https:\/\/www.tierklinik-plose.it\/de\/wp-content\/uploads\/2023\/02\/getImage-7-e1676423656967.jpg\" class=\"attachment-post-thumbnail size-post-thumbnail wp-post-image\" alt=\"\" decoding=\"async\" loading=\"lazy\" \/>\r\n\t\t\t\t\t\t\t\t<div class=\"thumboverlay\"><\/div>\r\n\t\t\t\t\t\t\t<\/div><div class=\"titledesbox\">\r\n\t\t\t\t\t\t\t\t<h3><a href=\"https:\/\/www.tierklinik-plose.it\/de\/our-team\/evelyn-weissteiner\/\" target=\"_blank\">Evelyn Weissteiner<\/a><\/h3>\r\n\t\t\t\t\t\t\t\t<cite><\/cite>\r\n\t\t\t\t\t\t\t\t<p>Evelyn Weissteiner studierte zun\u00e4chst Sprachen an der Fakult\u00e4t f\u00fcr Fremdsprachen und Literatur in Verona bevor sie ihrer Leidenschaft f\u00fcr Veterin\u00e4rmedizin folgte. 1985 schloss&#8230;<\/p>\n<div class=\"member-social-icon\"><\/div><\/div><\/div><div class=\"teammember-list\"><div class=\"thumnailbx\">\r\n\t\t\t\t\t\t\t\t<img width=\"250\" height=\"188\" src=\"https:\/\/www.tierklinik-plose.it\/de\/wp-content\/uploads\/2023\/02\/monika-e1676423567434.jpg\" class=\"attachment-post-thumbnail size-post-thumbnail wp-post-image\" alt=\"\" decoding=\"async\" loading=\"lazy\" \/>\r\n\t\t\t\t\t\t\t\t<div class=\"thumboverlay\"><\/div>\r\n\t\t\t\t\t\t\t<\/div><div class=\"titledesbox\">\r\n\t\t\t\t\t\t\t\t<h3><a href=\"https:\/\/www.tierklinik-plose.it\/de\/our-team\/monika-ploner\/\" target=\"_blank\">Monika Ploner<\/a><\/h3>\r\n\t\t\t\t\t\t\t\t<cite><\/cite>\r\n\t\t\t\t\t\t\t\t<p>Monika Ploner hat im Jahr 2002 an der Veterin\u00e4rmedizinischen Fakult\u00e4t in Wien ihr Studium abgeschlossen. Bis 2003 arbeitete sie in der Gemischtpraxis von&#8230;<\/p>\n<div class=\"member-social-icon\"><\/div><\/div><\/div><div class=\"clear\"><\/div>\n","protected":false},"excerpt":{"rendered":"","protected":false},"author":1,"featured_media":0,"parent":0,"menu_order":0,"comment_status":"closed","ping_status":"closed","template":"template-full-width.php","meta":[],"_links":{"self":[{"href":"https:\/\/www.tierklinik-plose.it\/de\/wp-json\/wp\/v2\/pages\/121"}],"collection":[{"href":"https:\/\/www.tierklinik-plose.it\/de\/wp-json\/wp\/v2\/pages"}],"about":[{"href":"https:\/\/www.tierklinik-plose.it\/de\/wp-json\/wp\/v2\/types\/page"}],"author":[{"embeddable":true,"href":"https:\/\/www.tierklinik-plose.it\/de\/wp-json\/wp\/v2\/users\/1"}],"replies":[{"embeddable":true,"href":"https:\/\/www.tierklinik-plose.it\/de\/wp-json\/wp\/v2\/comments?post=121"}],"version-history":[{"count":2,"href":"https:\/\/www.tierklinik-plose.it\/de\/wp-json\/wp\/v2\/pages\/121\/revisions"}],"predecessor-version":[{"id":146,"href":"https:\/\/www.tierklinik-plose.it\/de\/wp-json\/wp\/v2\/pages\/121\/revisions\/146"}],"wp:attachment":[{"href":"https:\/\/www.tierklinik-plose.it\/de\/wp-json\/wp\/v2\/media?parent=121"}],"curies":[{"name":"wp","href":"https:\/\/api.w.org\/{rel}","templated":true}]}}